{"id":102,"date":"2018-02-20T15:48:05","date_gmt":"2018-02-20T15:48:05","guid":{"rendered":"http:\/\/www.rvstechnologija.lt\/?page_id=102"},"modified":"2023-02-10T14:28:41","modified_gmt":"2023-02-10T14:28:41","slug":"varikliu-praplovimas","status":"publish","type":"page","link":"https:\/\/www.rvstechnologija.lt\/index.php\/produktai\/varikliu-praplovimas\/","title":{"rendered":"Varikli\u0173 praplovimas"},"content":{"rendered":"<p>Mf-5 buteliuke yra tokia pati med\u017eiaga kuri yra pagrindin\u0117se pakuot\u0117se taip pat yra gum\u0105 mink\u0161tinan\u010di\u0173 med\u017eiag\u0173.Jei variklio vidus yra gana \u0161varus, praplov\u0117jas pradeda j\u012f atstatin\u0117ti.<br \/>\nMF-5 buteliuke esant\u012f mi\u0161in\u012f suplakti ( 20-30 sek.), kad nelikt\u0173 nuos\u0117d\u0173 ir supilti \u012f \u0161ilto variklio karter\u012f. Tuoj pat u\u017evedus va\u017eiuoti \u012fprastu r\u0117\u017eimu 40-50 km, tada leid\u017eiama i\u0161jungti varikl\u012f (galima va\u017eiuoti ir daugiau). I\u0161 viso nekei\u010diant tepalo a\/m eksploatuoti dar 300-400 km,bet ne daugiau 500 km. Tada pakeisti tepal\u0105 ir tepalo filtr\u0105.<\/p>\n<p><img decoding=\"async\" loading=\"lazy\" class=\"alignnone size-full wp-image-103\" src=\"http:\/\/www.rvstechnologija.lt\/wp-content\/uploads\/2018\/02\/plovimui.jpg\" alt=\"\" width=\"200\" height=\"210\" srcset=\"https:\/\/www.rvstechnologija.lt\/wp-content\/uploads\/2018\/02\/plovimui.jpg 200w, https:\/\/www.rvstechnologija.lt\/wp-content\/uploads\/2018\/02\/plovimui-105x110.jpg 105w, https:\/\/www.rvstechnologija.lt\/wp-content\/uploads\/2018\/02\/plovimui-67x70.jpg 67w\" sizes=\"(max-width: 200px) 100vw, 200px\" \/><\/p>\n<p><strong>Mf5 Kaina: 14.90 \u20ac<\/strong><\/p>\n<p><strong>Saugojimo ir saugos reikalavimai :<\/strong><\/p>\n<p>Saugoti ne auk\u0161tesn\u0117je kaip +40\u00b0 C<br \/>\nPatekus ant odos nuplauti \u0161iltu vandeniu su muilu.<br \/>\nPatekus \u012f akis nedelsiant praplauti vandeniu. Nepra\u0117jus dirginimui kreiptis \u012f gydymo \u012fstaig\u0105.<br \/>\nPrarijus praplauti burn\u0105 , nesukeliant v\u0117mimo, kreiptis \u012f gydymo \u012fstaig\u0105 .<br \/>\nU\u017esidegus naudoti visus gesinimo b\u016bdus i\u0161skyrus vanden\u012f.<br \/>\nSaugoti vaikams neprieinamoje vietoje.<\/p>\n","protected":false},"excerpt":{"rendered":"<p>Mf-5 buteliuke yra tokia pati med\u017eiaga kuri yra pagrindin\u0117se pakuot\u0117se taip pat yra gum\u0105 mink\u0161tinan\u010di\u0173 med\u017eiag\u0173.Jei variklio vidus yra gana \u0161varus, praplov\u0117jas pradeda j\u012f atstatin\u0117ti. MF-5 buteliuke esant\u012f mi\u0161in\u012f suplakti ( 20-30 sek.), kad nelikt\u0173 nuos\u0117d\u0173 ir supilti \u012f \u0161ilto variklio karter\u012f. Tuoj pat u\u017evedus va\u017eiuoti \u012fprastu r\u0117\u017eimu 40-50 km, tada leid\u017eiama i\u0161jungti varikl\u012f (galima [&hellip;]<\/p>\n","protected":false},"author":1,"featured_media":0,"parent":58,"menu_order":0,"comment_status":"closed","ping_status":"closed","template":"","meta":{"footnotes":""},"_links":{"self":[{"href":"https:\/\/www.rvstechnologija.lt\/index.php\/wp-json\/wp\/v2\/pages\/102"}],"collection":[{"href":"https:\/\/www.rvstechnologija.lt\/index.php\/wp-json\/wp\/v2\/pages"}],"about":[{"href":"https:\/\/www.rvstechnologija.lt\/index.php\/wp-json\/wp\/v2\/types\/page"}],"author":[{"embeddable":true,"href":"https:\/\/www.rvstechnologija.lt\/index.php\/wp-json\/wp\/v2\/users\/1"}],"replies":[{"embeddable":true,"href":"https:\/\/www.rvstechnologija.lt\/index.php\/wp-json\/wp\/v2\/comments?post=102"}],"version-history":[{"count":3,"href":"https:\/\/www.rvstechnologija.lt\/index.php\/wp-json\/wp\/v2\/pages\/102\/revisions"}],"predecessor-version":[{"id":225,"href":"https:\/\/www.rvstechnologija.lt\/index.php\/wp-json\/wp\/v2\/pages\/102\/revisions\/225"}],"up":[{"embeddable":true,"href":"https:\/\/www.rvstechnologija.lt\/index.php\/wp-json\/wp\/v2\/pages\/58"}],"wp:attachment":[{"href":"https:\/\/www.rvstechnologija.lt\/index.php\/wp-json\/wp\/v2\/media?parent=102"}],"curies":[{"name":"wp","href":"https:\/\/api.w.org\/{rel}","templated":true}]}}