{"id":17,"date":"2018-02-14T16:59:23","date_gmt":"2018-02-14T16:59:23","guid":{"rendered":"http:\/\/www.rvstechnologija.lt\/?page_id=17"},"modified":"2019-12-03T10:56:53","modified_gmt":"2019-12-03T10:56:53","slug":"titulinis","status":"publish","type":"page","link":"https:\/\/www.rvstechnologija.lt\/","title":{"rendered":""},"content":{"rendered":"<p><img decoding=\"async\" loading=\"lazy\" class=\"alignnone size-full wp-image-208\" src=\"http:\/\/www.rvstechnologija.lt\/wp-content\/uploads\/2019\/12\/kas_tai.jpg\" alt=\"\" width=\"284\" height=\"413\" srcset=\"https:\/\/www.rvstechnologija.lt\/wp-content\/uploads\/2019\/12\/kas_tai.jpg 284w, https:\/\/www.rvstechnologija.lt\/wp-content\/uploads\/2019\/12\/kas_tai-206x300.jpg 206w, https:\/\/www.rvstechnologija.lt\/wp-content\/uploads\/2019\/12\/kas_tai-76x110.jpg 76w, https:\/\/www.rvstechnologija.lt\/wp-content\/uploads\/2019\/12\/kas_tai-48x70.jpg 48w, https:\/\/www.rvstechnologija.lt\/wp-content\/uploads\/2019\/12\/kas_tai-241x350.jpg 241w\" sizes=\"(max-width: 284px) 100vw, 284px\" \/> <img decoding=\"async\" loading=\"lazy\" class=\"alignnone size-full wp-image-23\" src=\"http:\/\/www.rvstechnologija.lt\/wp-content\/uploads\/2018\/02\/kaip-tai-veikia.jpg\" alt=\"\" width=\"284\" height=\"413\" srcset=\"https:\/\/www.rvstechnologija.lt\/wp-content\/uploads\/2018\/02\/kaip-tai-veikia.jpg 284w, https:\/\/www.rvstechnologija.lt\/wp-content\/uploads\/2018\/02\/kaip-tai-veikia-206x300.jpg 206w, https:\/\/www.rvstechnologija.lt\/wp-content\/uploads\/2018\/02\/kaip-tai-veikia-76x110.jpg 76w, https:\/\/www.rvstechnologija.lt\/wp-content\/uploads\/2018\/02\/kaip-tai-veikia-48x70.jpg 48w, https:\/\/www.rvstechnologija.lt\/wp-content\/uploads\/2018\/02\/kaip-tai-veikia-241x350.jpg 241w\" sizes=\"(max-width: 284px) 100vw, 284px\" \/> <img decoding=\"async\" loading=\"lazy\" class=\"alignnone size-full wp-image-206\" src=\"http:\/\/www.rvstechnologija.lt\/wp-content\/uploads\/2019\/12\/ar-gali-pakenkti.jpg\" alt=\"\" width=\"284\" height=\"413\" srcset=\"https:\/\/www.rvstechnologija.lt\/wp-content\/uploads\/2019\/12\/ar-gali-pakenkti.jpg 284w, https:\/\/www.rvstechnologija.lt\/wp-content\/uploads\/2019\/12\/ar-gali-pakenkti-206x300.jpg 206w, https:\/\/www.rvstechnologija.lt\/wp-content\/uploads\/2019\/12\/ar-gali-pakenkti-76x110.jpg 76w, https:\/\/www.rvstechnologija.lt\/wp-content\/uploads\/2019\/12\/ar-gali-pakenkti-48x70.jpg 48w, https:\/\/www.rvstechnologija.lt\/wp-content\/uploads\/2019\/12\/ar-gali-pakenkti-241x350.jpg 241w\" sizes=\"(max-width: 284px) 100vw, 284px\" \/> <img decoding=\"async\" loading=\"lazy\" class=\"alignnone size-full wp-image-207\" src=\"http:\/\/www.rvstechnologija.lt\/wp-content\/uploads\/2019\/12\/kaip-naudoti.jpg\" alt=\"\" width=\"284\" height=\"413\" srcset=\"https:\/\/www.rvstechnologija.lt\/wp-content\/uploads\/2019\/12\/kaip-naudoti.jpg 284w, https:\/\/www.rvstechnologija.lt\/wp-content\/uploads\/2019\/12\/kaip-naudoti-206x300.jpg 206w, https:\/\/www.rvstechnologija.lt\/wp-content\/uploads\/2019\/12\/kaip-naudoti-76x110.jpg 76w, https:\/\/www.rvstechnologija.lt\/wp-content\/uploads\/2019\/12\/kaip-naudoti-48x70.jpg 48w, https:\/\/www.rvstechnologija.lt\/wp-content\/uploads\/2019\/12\/kaip-naudoti-241x350.jpg 241w\" sizes=\"(max-width: 284px) 100vw, 284px\" \/><\/p>\n<p>&nbsp;<\/p>\n<p><img decoding=\"async\" loading=\"lazy\" class=\"alignnone size-full wp-image-211\" src=\"http:\/\/www.rvstechnologija.lt\/wp-content\/uploads\/2019\/12\/ekonomija.jpg\" alt=\"\" width=\"220\" height=\"246\" srcset=\"https:\/\/www.rvstechnologija.lt\/wp-content\/uploads\/2019\/12\/ekonomija.jpg 220w, https:\/\/www.rvstechnologija.lt\/wp-content\/uploads\/2019\/12\/ekonomija-98x110.jpg 98w, https:\/\/www.rvstechnologija.lt\/wp-content\/uploads\/2019\/12\/ekonomija-63x70.jpg 63w\" sizes=\"(max-width: 220px) 100vw, 220px\" \/><img decoding=\"async\" loading=\"lazy\" class=\"alignnone size-full wp-image-213\" src=\"http:\/\/www.rvstechnologija.lt\/wp-content\/uploads\/2019\/12\/patikimumas.jpg\" alt=\"\" width=\"220\" height=\"246\" srcset=\"https:\/\/www.rvstechnologija.lt\/wp-content\/uploads\/2019\/12\/patikimumas.jpg 220w, https:\/\/www.rvstechnologija.lt\/wp-content\/uploads\/2019\/12\/patikimumas-98x110.jpg 98w, https:\/\/www.rvstechnologija.lt\/wp-content\/uploads\/2019\/12\/patikimumas-63x70.jpg 63w\" sizes=\"(max-width: 220px) 100vw, 220px\" \/><img decoding=\"async\" loading=\"lazy\" class=\"alignnone size-full wp-image-210\" src=\"http:\/\/www.rvstechnologija.lt\/wp-content\/uploads\/2019\/12\/ekologija-1.jpg\" alt=\"\" width=\"220\" height=\"246\" srcset=\"https:\/\/www.rvstechnologija.lt\/wp-content\/uploads\/2019\/12\/ekologija-1.jpg 220w, https:\/\/www.rvstechnologija.lt\/wp-content\/uploads\/2019\/12\/ekologija-1-98x110.jpg 98w, https:\/\/www.rvstechnologija.lt\/wp-content\/uploads\/2019\/12\/ekologija-1-63x70.jpg 63w\" sizes=\"(max-width: 220px) 100vw, 220px\" \/>\u00a0 <img decoding=\"async\" loading=\"lazy\" class=\"alignnone size-full wp-image-214\" src=\"http:\/\/www.rvstechnologija.lt\/wp-content\/uploads\/2019\/12\/Saugumas.jpg\" alt=\"\" width=\"220\" height=\"246\" srcset=\"https:\/\/www.rvstechnologija.lt\/wp-content\/uploads\/2019\/12\/Saugumas.jpg 220w, https:\/\/www.rvstechnologija.lt\/wp-content\/uploads\/2019\/12\/Saugumas-98x110.jpg 98w, https:\/\/www.rvstechnologija.lt\/wp-content\/uploads\/2019\/12\/Saugumas-63x70.jpg 63w\" sizes=\"(max-width: 220px) 100vw, 220px\" \/><img decoding=\"async\" loading=\"lazy\" class=\"alignnone size-full wp-image-212\" src=\"http:\/\/www.rvstechnologija.lt\/wp-content\/uploads\/2019\/12\/Garantija.jpg\" alt=\"\" width=\"220\" height=\"246\" srcset=\"https:\/\/www.rvstechnologija.lt\/wp-content\/uploads\/2019\/12\/Garantija.jpg 220w, https:\/\/www.rvstechnologija.lt\/wp-content\/uploads\/2019\/12\/Garantija-98x110.jpg 98w, https:\/\/www.rvstechnologija.lt\/wp-content\/uploads\/2019\/12\/Garantija-63x70.jpg 63w\" sizes=\"(max-width: 220px) 100vw, 220px\" \/><\/p>\n<p>&nbsp;<\/p>\n<h3><span style=\"color: #ff0000;\">Dviej\u0173 dien\u0173 eksperimentas, buvo tikrinama RVS master priedo kokyb\u0117.<\/span><br \/>\n<span style=\"color: #ff0000;\">Tyrim\u0105 dar\u0117 laida &#8220;Ne vienas kelyje&#8221; LNK televizija.<\/span><\/h3>\n<p><iframe loading=\"lazy\" src=\"https:\/\/www.youtube.com\/embed\/gwyFU-fZ0_Y\" width=\"490\" height=\"315\" frameborder=\"0\" allowfullscreen=\"allowfullscreen\"><\/iframe>\u00a0 <iframe loading=\"lazy\" src=\"https:\/\/www.youtube.com\/embed\/1WHrChkAgnU\" width=\"490\" height=\"315\" frameborder=\"0\" allowfullscreen=\"allowfullscreen\"><\/iframe><\/p>\n<p>&nbsp;<\/p>\n<p><iframe loading=\"lazy\" src=\"https:\/\/www.youtube.com\/embed\/-6VfS0OIIB0\" width=\"490\" height=\"315\" frameborder=\"0\" allowfullscreen=\"allowfullscreen\"><\/iframe><\/p>\n<p>&nbsp;<\/p>\n<p>&nbsp;<\/p>\n<div>\n<h3><a href=\"https:\/\/www.delfi.lt\/auto\/laisva-pavara\/palangoje-pasiektas-naujas-rekordas-automobilis-be-alyvos-vaziavo-2-5-valandos.d?id=81776757\" target=\"_blank\" rel=\"noopener\"><span style=\"color: #3366ff;\">Palangoje pasiektas naujas rekordas: automobilis be alyvos va\u017eiavo 2,5 valandos (delfi.lt )<\/span><\/a><\/h3>\n<\/div>\n","protected":false},"excerpt":{"rendered":"<p>&nbsp; \u00a0 &nbsp; Dviej\u0173 dien\u0173 eksperimentas, buvo tikrinama RVS master priedo kokyb\u0117. Tyrim\u0105 dar\u0117 laida &#8220;Ne vienas kelyje&#8221; LNK televizija. \u00a0 &nbsp; &nbsp; &nbsp; Palangoje pasiektas naujas rekordas: automobilis be alyvos va\u017eiavo 2,5 valandos (delfi.lt )<\/p>\n","protected":false},"author":1,"featured_media":0,"parent":0,"menu_order":0,"comment_status":"closed","ping_status":"closed","template":"","meta":{"footnotes":""},"_links":{"self":[{"href":"https:\/\/www.rvstechnologija.lt\/index.php\/wp-json\/wp\/v2\/pages\/17"}],"collection":[{"href":"https:\/\/www.rvstechnologija.lt\/index.php\/wp-json\/wp\/v2\/pages"}],"about":[{"href":"https:\/\/www.rvstechnologija.lt\/index.php\/wp-json\/wp\/v2\/types\/page"}],"author":[{"embeddable":true,"href":"https:\/\/www.rvstechnologija.lt\/index.php\/wp-json\/wp\/v2\/users\/1"}],"replies":[{"embeddable":true,"href":"https:\/\/www.rvstechnologija.lt\/index.php\/wp-json\/wp\/v2\/comments?post=17"}],"version-history":[{"count":27,"href":"https:\/\/www.rvstechnologija.lt\/index.php\/wp-json\/wp\/v2\/pages\/17\/revisions"}],"predecessor-version":[{"id":215,"href":"https:\/\/www.rvstechnologija.lt\/index.php\/wp-json\/wp\/v2\/pages\/17\/revisions\/215"}],"wp:attachment":[{"href":"https:\/\/www.rvstechnologija.lt\/index.php\/wp-json\/wp\/v2\/media?parent=17"}],"curies":[{"name":"wp","href":"https:\/\/api.w.org\/{rel}","templated":true}]}}