{"id":47,"date":"2018-02-20T15:14:32","date_gmt":"2018-02-20T15:14:32","guid":{"rendered":"http:\/\/www.rvstechnologija.lt\/?page_id=47"},"modified":"2018-02-20T15:17:16","modified_gmt":"2018-02-20T15:17:16","slug":"kas-tai","status":"publish","type":"page","link":"https:\/\/www.rvstechnologija.lt\/index.php\/kas-tai\/","title":{"rendered":"Kas tai?"},"content":{"rendered":"<p>RVS-master tai pa\u017eangiausia ir spar\u010diai plintanti ne tik pasaulyje , bet ir Lietuvoje , technologija. Besitrinantys susid\u0117v\u0117j\u0119 metalo pavir\u0161iai atsistato metalo keramikos pagrindu.<\/p>\n<p>Jos unikalumas-varikli\u0173 , pavar\u0173 d\u0117\u017ei\u0173 , reduktori\u0173 ir t.t. remontas atliekamas automobilio eksploatacijos metu, tai yra , j\u0173 neardant.<\/p>\n<p><img decoding=\"async\" loading=\"lazy\" class=\"alignnone size-full wp-image-52\" src=\"http:\/\/www.rvstechnologija.lt\/wp-content\/uploads\/2018\/02\/3.jpg\" alt=\"\" width=\"200\" height=\"209\" \/>\u00a0\u00a0\u00a0\u00a0\u00a0\u00a0\u00a0 <img decoding=\"async\" loading=\"lazy\" class=\"alignnone size-full wp-image-51\" src=\"http:\/\/www.rvstechnologija.lt\/wp-content\/uploads\/2018\/02\/2.jpg\" alt=\"\" width=\"200\" height=\"210\" srcset=\"https:\/\/www.rvstechnologija.lt\/wp-content\/uploads\/2018\/02\/2.jpg 200w, https:\/\/www.rvstechnologija.lt\/wp-content\/uploads\/2018\/02\/2-105x110.jpg 105w, https:\/\/www.rvstechnologija.lt\/wp-content\/uploads\/2018\/02\/2-67x70.jpg 67w\" sizes=\"(max-width: 200px) 100vw, 200px\" \/>\u00a0\u00a0\u00a0\u00a0 \u00a0 \u00a0 \u00a0 <img decoding=\"async\" loading=\"lazy\" class=\"alignnone size-full wp-image-50\" src=\"http:\/\/www.rvstechnologija.lt\/wp-content\/uploads\/2018\/02\/1.jpg\" alt=\"\" width=\"200\" height=\"214\" srcset=\"https:\/\/www.rvstechnologija.lt\/wp-content\/uploads\/2018\/02\/1.jpg 200w, https:\/\/www.rvstechnologija.lt\/wp-content\/uploads\/2018\/02\/1-103x110.jpg 103w, https:\/\/www.rvstechnologija.lt\/wp-content\/uploads\/2018\/02\/1-65x70.jpg 65w\" sizes=\"(max-width: 200px) 100vw, 200px\" \/><\/p>\n<p>Kas yra RVS-master ?<br \/>\nRVS-master \u2013tai atstatomoji remonto sud\u0117tis- smulkios dispersijos , daugiakomponentinis susintetintas mineralas (serpantinitas ,<br \/>\n\u0161ungitas,nefritas ) ir speciali\u0173j\u0173 pried\u0173 bei katalizatori\u0173 (know-how) mi\u0161inys .RVS netirpsta jokiame skystyje , tame tarpe , nei degaluose ,nei tepaluose , bet dera su visais j\u0173 tipais.<\/p>\n<p>Kaip veikia RVS-master ?<br \/>\nParuo\u0161tas mi\u0161inys supilamas \u012f variklio karter\u012f per alyvos u\u017epylimo ang\u0105. Susimai\u0161\u0119s su tepalu karteryje, mi\u0161inys patenka ant trinties veikiam\u0173 pavir\u0161i\u0173: st\u016bmokli\u0173 \u2013 cilindr\u0173 grup\u0117s, alk\u016bninio ir paskirstymo velen\u0173, tepalo siurblio ir kt..RVS-master , varikliui veikiant, d\u0117l metalini\u0173 pavir\u0161i\u0173 trinties i\u0161\u0161aukia reakcij\u0105 , kurios metu lydosi naujas metalo keramikos sluoksnis , storesnis ten , kur didesn\u0117 trintis arba , kur didesnis susid\u0117v\u0117jimas.<\/p>\n","protected":false},"excerpt":{"rendered":"<p>RVS-master tai pa\u017eangiausia ir spar\u010diai plintanti ne tik pasaulyje , bet ir Lietuvoje , technologija. Besitrinantys susid\u0117v\u0117j\u0119 metalo pavir\u0161iai atsistato metalo keramikos pagrindu. Jos unikalumas-varikli\u0173 , pavar\u0173 d\u0117\u017ei\u0173 , reduktori\u0173 ir t.t. remontas atliekamas automobilio eksploatacijos metu, tai yra , j\u0173 neardant. \u00a0\u00a0\u00a0\u00a0\u00a0\u00a0\u00a0 \u00a0\u00a0\u00a0\u00a0 \u00a0 \u00a0 \u00a0 Kas yra RVS-master ? RVS-master \u2013tai atstatomoji remonto [&hellip;]<\/p>\n","protected":false},"author":1,"featured_media":0,"parent":0,"menu_order":0,"comment_status":"closed","ping_status":"closed","template":"","meta":{"footnotes":""},"_links":{"self":[{"href":"https:\/\/www.rvstechnologija.lt\/index.php\/wp-json\/wp\/v2\/pages\/47"}],"collection":[{"href":"https:\/\/www.rvstechnologija.lt\/index.php\/wp-json\/wp\/v2\/pages"}],"about":[{"href":"https:\/\/www.rvstechnologija.lt\/index.php\/wp-json\/wp\/v2\/types\/page"}],"author":[{"embeddable":true,"href":"https:\/\/www.rvstechnologija.lt\/index.php\/wp-json\/wp\/v2\/users\/1"}],"replies":[{"embeddable":true,"href":"https:\/\/www.rvstechnologija.lt\/index.php\/wp-json\/wp\/v2\/comments?post=47"}],"version-history":[{"count":2,"href":"https:\/\/www.rvstechnologija.lt\/index.php\/wp-json\/wp\/v2\/pages\/47\/revisions"}],"predecessor-version":[{"id":53,"href":"https:\/\/www.rvstechnologija.lt\/index.php\/wp-json\/wp\/v2\/pages\/47\/revisions\/53"}],"wp:attachment":[{"href":"https:\/\/www.rvstechnologija.lt\/index.php\/wp-json\/wp\/v2\/media?parent=47"}],"curies":[{"name":"wp","href":"https:\/\/api.w.org\/{rel}","templated":true}]}}