{"id":58,"date":"2018-02-20T15:22:32","date_gmt":"2018-02-20T15:22:32","guid":{"rendered":"http:\/\/www.rvstechnologija.lt\/?page_id=58"},"modified":"2019-08-23T08:36:46","modified_gmt":"2019-08-23T08:36:46","slug":"produktai","status":"publish","type":"page","link":"https:\/\/www.rvstechnologija.lt\/index.php\/produktai\/","title":{"rendered":"Produktai"},"content":{"rendered":"<h1 class=\"h1\">KAS TAI?<\/h1>\n<div id=\"category-description\" class=\"text-muted\">\n<p>RVS-master tai pa\u017eangiausia ir spar\u010diai plintanti ne tik pasaulyje , bet ir Lietuvoje , NANOtechnologija. Besitrinantys susid\u0117v\u0117j\u0119 metalo pavir\u0161iai atsistato metalo keramikos pagrindu.<\/p>\n<p>Jos unikalumas-varikli\u0173 , pavar\u0173 d\u0117\u017ei\u0173 , reduktori\u0173 ir t.t. remontas atliekamas automobilio eksploatacijos metu, tai yra\u00a0 j\u0173 neardant.<\/p>\n<p><img decoding=\"async\" loading=\"lazy\" src=\"http:\/\/www.rvsshop.lt\/img\/cms\/kas%20tai.jpg\" alt=\"\" width=\"693\" height=\"246\" \/><\/p>\n<p><strong>Kas yra RVS-master ?<\/strong><\/p>\n<p>RVS-master (<strong>tai ne tepalo priedas!)\u2013<\/strong>tai atstatomoji remonto sud\u0117tis- smulkios dispersijos , daugiakomponentinis susintetintas mineralas (serpantinitas , \u0161ungitas,nefritas ) ir speciali\u0173j\u0173 pried\u0173 bei katalizatori\u0173 (know-how) mi\u0161inys .RVS netirpsta jokiame skystyje , tame tarpe , nei degaluose , nei tepaluose , bet dera su visais j\u0173 tipais.<\/p>\n<p><strong>Kaip veikia RVS-master ?<\/strong><\/p>\n<p>Paruo\u0161tas mi\u0161inys supilamas \u012f variklio karter\u012f per alyvos u\u017epylimo ang\u0105. Susimai\u0161\u0119s su tepalu karteryje, mi\u0161inys patenka ant trinties veikiam\u0173 pavir\u0161i\u0173: st\u016bmokli\u0173 \u2013 cilindr\u0173 grup\u0117s, alk\u016bninio ir paskirstymo velen\u0173, tepalo siurblio ir kt..RVS-master , varikliui veikiant, d\u0117l metalini\u0173 pavir\u0161i\u0173 trinties i\u0161\u0161aukia reakcij\u0105 , kurios metu lydosi naujas metalo keramikos sluoksnis , storesnis ten , kur didesn\u0117 trintis arba , kur didesnis susid\u0117v\u0117jimas. Susid\u0117vej\u0119 metaliniai pavir\u0161iai atsistato iki gamyklini\u0173 parametr\u0173 ir i\u0161lieka nepakit\u0119 daugiau nei 100 t\u016bks.km. Reguliariai naudojant RVS-master produkcij\u0105 nepriklausomai nuo kilometra\u017eo variklio\u00a0susid\u0117v\u0117jimas visi\u0161kai neegzistuoja.<\/p>\n<\/div>\n","protected":false},"excerpt":{"rendered":"<p>KAS TAI? RVS-master tai pa\u017eangiausia ir spar\u010diai plintanti ne tik pasaulyje , bet ir Lietuvoje , NANOtechnologija. Besitrinantys susid\u0117v\u0117j\u0119 metalo pavir\u0161iai atsistato metalo keramikos pagrindu. Jos unikalumas-varikli\u0173 , pavar\u0173 d\u0117\u017ei\u0173 , reduktori\u0173 ir t.t. remontas atliekamas automobilio eksploatacijos metu, tai yra\u00a0 j\u0173 neardant. Kas yra RVS-master ? RVS-master (tai ne tepalo priedas!)\u2013tai atstatomoji remonto sud\u0117tis- [&hellip;]<\/p>\n","protected":false},"author":1,"featured_media":0,"parent":0,"menu_order":0,"comment_status":"closed","ping_status":"closed","template":"","meta":{"footnotes":""},"_links":{"self":[{"href":"https:\/\/www.rvstechnologija.lt\/index.php\/wp-json\/wp\/v2\/pages\/58"}],"collection":[{"href":"https:\/\/www.rvstechnologija.lt\/index.php\/wp-json\/wp\/v2\/pages"}],"about":[{"href":"https:\/\/www.rvstechnologija.lt\/index.php\/wp-json\/wp\/v2\/types\/page"}],"author":[{"embeddable":true,"href":"https:\/\/www.rvstechnologija.lt\/index.php\/wp-json\/wp\/v2\/users\/1"}],"replies":[{"embeddable":true,"href":"https:\/\/www.rvstechnologija.lt\/index.php\/wp-json\/wp\/v2\/comments?post=58"}],"version-history":[{"count":4,"href":"https:\/\/www.rvstechnologija.lt\/index.php\/wp-json\/wp\/v2\/pages\/58\/revisions"}],"predecessor-version":[{"id":200,"href":"https:\/\/www.rvstechnologija.lt\/index.php\/wp-json\/wp\/v2\/pages\/58\/revisions\/200"}],"wp:attachment":[{"href":"https:\/\/www.rvstechnologija.lt\/index.php\/wp-json\/wp\/v2\/media?parent=58"}],"curies":[{"name":"wp","href":"https:\/\/api.w.org\/{rel}","templated":true}]}}