{"id":80,"date":"2018-02-20T15:37:13","date_gmt":"2018-02-20T15:37:13","guid":{"rendered":"http:\/\/www.rvstechnologija.lt\/?page_id=80"},"modified":"2023-01-30T15:17:44","modified_gmt":"2023-01-30T15:17:44","slug":"dyzeliniam-varikliui","status":"publish","type":"page","link":"https:\/\/www.rvstechnologija.lt\/index.php\/produktai\/dyzeliniam-varikliui\/","title":{"rendered":"Dyzelinio variklio degal\u0173 siurblio"},"content":{"rendered":"<h4>Auk\u0161to sl\u0117gio degal\u0173 siurbli\u0173 apdorojimo su RVS-master Dp3 instrukcija<\/h4>\n<p>&nbsp;<\/p>\n<p>D\u0117mesio! Prie\u0161 apdorojant dyzelinio variklio auk\u0161to sl\u0117gio degal\u0173 siurblius pirmiausia rekomeduojama atlikti pa\u010dio variklio apdorojim\u0105 \u201cRVS Master Engine Treatment\u201d. Pakuot\u0117je Dp3 yra reikiamas kiekis RVS-master auk\u0161to sl\u0117gio siurbliams apdorojimui dyzeliniams varikliams iki 3000 cm3 . D\u0117l auk\u0161to sl\u0117gio siurblio apdorojimo dyzelini\u0173 varikli\u0173 didesnio litra\u017eo, reikia daugiau pakuo\u010di\u0173 vienu metu. Varikliui iki 3000 cm\u00b3 reikia vienos pok. Dp3 , iki 6000 cm\u00b3 dviej\u0173 pok.Dp3 ir t.t.<\/p>\n<p><img decoding=\"async\" loading=\"lazy\" class=\"alignnone size-full wp-image-83\" src=\"http:\/\/www.rvstechnologija.lt\/wp-content\/uploads\/2018\/02\/6.jpg\" alt=\"\" width=\"200\" height=\"200\" srcset=\"https:\/\/www.rvstechnologija.lt\/wp-content\/uploads\/2018\/02\/6.jpg 200w, https:\/\/www.rvstechnologija.lt\/wp-content\/uploads\/2018\/02\/6-150x150.jpg 150w, https:\/\/www.rvstechnologija.lt\/wp-content\/uploads\/2018\/02\/6-110x110.jpg 110w, https:\/\/www.rvstechnologija.lt\/wp-content\/uploads\/2018\/02\/6-70x70.jpg 70w\" sizes=\"(max-width: 200px) 100vw, 200px\" \/><\/p>\n<p>Dp3 Kaina:\u00a0 33.00 \u20ac<\/p>\n<p><strong>Apdorojimas vykdomas etapais<\/strong><br \/>\nAtliekant apdorojim\u0105 su Dp3 pageidautina, kad degal\u0173 bakas b\u016bt\u0173 beveik tu\u0161\u010dias. Buteliuke esant\u012f mi\u0161in\u012f gerai suplakti (20 \u2013 30 sek.) supilti suplakt\u0105 mi\u0161in\u012f \u012f degal\u0173 bak\u0105 ir u\u017epilti dyzelini\u0173 degal\u0173 tiek,kad bake j\u0173 b\u016bt\u0173 apie 20 ltr.U\u017evesti varikl\u012f ir leisti jam dirbti ma\u017eomis apsukomis 15-20 min., i\u0161jugti 5 min. Po to u\u017evesti ir leisti varikliui dirbti 2 \u2013 3 val.be pertraukos, pageidautina va\u017eiuoti.Sunaudojus vis\u0105 kur\u0105 \u012f bak\u0105 \u012fpylti apie 30 ltr.(lengvajam a\/m). Apdorojimas automati\u0161kai vyksta toliau ir be RVS master Dp3 papildomo u\u017epylimo. Apdorojimo procesas dar vyks iki 300 \u2013 500 km. ridos.Jei automobilio rida daugiau kaip 200 000 km rekomenduojame auk\u0161to spaudimo siurbl\u012f apdoroti antr\u0105 kart\u0105.Antras apdorojimas analogi\u0161kas pirmajam atliekamas po 500 km.<br \/>\nPasibaigus apdorojimo procesui rekomeduojama pasitikrinti degal\u0173 \u012fpur\u0161kimo kamp\u0105 ,jei siurblio nevaldo a\/m kompiuteris.<br \/>\nPastaba: apdorojimo metu gali b\u016bti u\u017eter\u0161tas kuro filtras,nes RVS-master pakelia visas nuos\u0117das esan\u010dias kuro bake.Esant siurblio ir purk\u0161tuk\u0173 susid\u0117v\u0117jimui 50% ir daugiau atlikti apdorojim\u0105 nerekomenduojame.<\/p>\n","protected":false},"excerpt":{"rendered":"<p>Auk\u0161to sl\u0117gio degal\u0173 siurbli\u0173 apdorojimo su RVS-master Dp3 instrukcija &nbsp; D\u0117mesio! Prie\u0161 apdorojant dyzelinio variklio auk\u0161to sl\u0117gio degal\u0173 siurblius pirmiausia rekomeduojama atlikti pa\u010dio variklio apdorojim\u0105 \u201cRVS Master Engine Treatment\u201d. Pakuot\u0117je Dp3 yra reikiamas kiekis RVS-master auk\u0161to sl\u0117gio siurbliams apdorojimui dyzeliniams varikliams iki 3000 cm3 . D\u0117l auk\u0161to sl\u0117gio siurblio apdorojimo dyzelini\u0173 varikli\u0173 didesnio litra\u017eo, reikia [&hellip;]<\/p>\n","protected":false},"author":1,"featured_media":0,"parent":58,"menu_order":0,"comment_status":"closed","ping_status":"closed","template":"","meta":{"footnotes":""},"_links":{"self":[{"href":"https:\/\/www.rvstechnologija.lt\/index.php\/wp-json\/wp\/v2\/pages\/80"}],"collection":[{"href":"https:\/\/www.rvstechnologija.lt\/index.php\/wp-json\/wp\/v2\/pages"}],"about":[{"href":"https:\/\/www.rvstechnologija.lt\/index.php\/wp-json\/wp\/v2\/types\/page"}],"author":[{"embeddable":true,"href":"https:\/\/www.rvstechnologija.lt\/index.php\/wp-json\/wp\/v2\/users\/1"}],"replies":[{"embeddable":true,"href":"https:\/\/www.rvstechnologija.lt\/index.php\/wp-json\/wp\/v2\/comments?post=80"}],"version-history":[{"count":6,"href":"https:\/\/www.rvstechnologija.lt\/index.php\/wp-json\/wp\/v2\/pages\/80\/revisions"}],"predecessor-version":[{"id":223,"href":"https:\/\/www.rvstechnologija.lt\/index.php\/wp-json\/wp\/v2\/pages\/80\/revisions\/223"}],"up":[{"embeddable":true,"href":"https:\/\/www.rvstechnologija.lt\/index.php\/wp-json\/wp\/v2\/pages\/58"}],"wp:attachment":[{"href":"https:\/\/www.rvstechnologija.lt\/index.php\/wp-json\/wp\/v2\/media?parent=80"}],"curies":[{"name":"wp","href":"https:\/\/api.w.org\/{rel}","templated":true}]}}