{"id":97,"date":"2018-02-20T15:45:42","date_gmt":"2018-02-20T15:45:42","guid":{"rendered":"http:\/\/www.rvstechnologija.lt\/?page_id=97"},"modified":"2023-02-10T14:28:16","modified_gmt":"2023-02-10T14:28:16","slug":"guoliams-ir-dantraciams","status":"publish","type":"page","link":"https:\/\/www.rvstechnologija.lt\/index.php\/produktai\/guoliams-ir-dantraciams\/","title":{"rendered":"Guoliams ir dantra\u010diams"},"content":{"rendered":"<p>RVS Master Spray Grease formuoja metalokeramikos apsaugin\u012f sluoksn\u012f ant besitrinan\u010di\u0173 pavir\u0161i\u0173.Sluoksnio storis priklauso nuo besitrinan\u010di\u0173 detali\u0173<br \/>\nsudilimo laipsnio, tai yra detali\u0173 didis atsistato iki buvusi\u0173 parametr\u0173.Metalokeramikos sluoksnis pasi\u017eymi dideliu atsparumu tod\u0117l smarkiai suma\u017e\u0117ja mechanizmo susid\u0117v\u0117jimas.<\/p>\n<p><img decoding=\"async\" loading=\"lazy\" class=\"alignnone size-full wp-image-99\" src=\"http:\/\/www.rvstechnologija.lt\/wp-content\/uploads\/2018\/02\/guoliams.jpg\" alt=\"\" width=\"200\" height=\"246\" srcset=\"https:\/\/www.rvstechnologija.lt\/wp-content\/uploads\/2018\/02\/guoliams.jpg 200w, https:\/\/www.rvstechnologija.lt\/wp-content\/uploads\/2018\/02\/guoliams-89x110.jpg 89w, https:\/\/www.rvstechnologija.lt\/wp-content\/uploads\/2018\/02\/guoliams-57x70.jpg 57w\" sizes=\"(max-width: 200px) 100vw, 200px\" \/><\/p>\n<h3>RVS Spray\u00a0 33,00 \u20ac<\/h3>\n<p><strong>Instrukcija<\/strong><\/p>\n<p>Gerai suplakti buteliuko turin\u012f (20-30 sek.). Ant buteliuko dugno neturi likti nuos\u0117d\u0173.<br \/>\nApipurk\u0161ti apdorojamus pavir\u0161ius.<br \/>\nLeisti be pertraukos dirbti apdorojamam mechanizmui 2-3 val.(pridirbimo re\u017eimu).Esant reikalui apdorojim\u0105 pakartoti.<\/p>\n<p><strong>Saugojimo ir saugos reikalavimai.<\/strong><br \/>\n\u00b7 Saugojimo temperat\u016bra \u017eemesn\u0117 nei + 40\u00b0C<br \/>\n\u00b7 Patekus ant odos nuplauti su vandeniu ir muilu.<br \/>\n\u00b7 Patekus \u012f akis \u2013nuplauti vandeniu ir ,jei dirginimas nepraeina, kreiptis \u012f gydymo \u012fstaig\u0105.<br \/>\n\u00b7 Patekus \u012f vir\u0161kinimo trakt\u0105 &#8211; vandeniu praskalauti burn\u0105 ir kreiptis \u012f gydymo \u012fstaig\u0105. Nei\u0161\u0161aukti v\u0117mimo!<br \/>\n\u00b7 U\u017esidegus naudoti visas gesinimo priemones , i\u0161skyrus vanden\u012f.<br \/>\n\u00b7 Saugoti vaikams neprieinamoje vietoje.<\/p>\n","protected":false},"excerpt":{"rendered":"<p>RVS Master Spray Grease formuoja metalokeramikos apsaugin\u012f sluoksn\u012f ant besitrinan\u010di\u0173 pavir\u0161i\u0173.Sluoksnio storis priklauso nuo besitrinan\u010di\u0173 detali\u0173 sudilimo laipsnio, tai yra detali\u0173 didis atsistato iki buvusi\u0173 parametr\u0173.Metalokeramikos sluoksnis pasi\u017eymi dideliu atsparumu tod\u0117l smarkiai suma\u017e\u0117ja mechanizmo susid\u0117v\u0117jimas. RVS Spray\u00a0 33,00 \u20ac Instrukcija Gerai suplakti buteliuko turin\u012f (20-30 sek.). Ant buteliuko dugno neturi likti nuos\u0117d\u0173. Apipurk\u0161ti apdorojamus pavir\u0161ius. [&hellip;]<\/p>\n","protected":false},"author":1,"featured_media":0,"parent":58,"menu_order":0,"comment_status":"closed","ping_status":"closed","template":"","meta":{"footnotes":""},"_links":{"self":[{"href":"https:\/\/www.rvstechnologija.lt\/index.php\/wp-json\/wp\/v2\/pages\/97"}],"collection":[{"href":"https:\/\/www.rvstechnologija.lt\/index.php\/wp-json\/wp\/v2\/pages"}],"about":[{"href":"https:\/\/www.rvstechnologija.lt\/index.php\/wp-json\/wp\/v2\/types\/page"}],"author":[{"embeddable":true,"href":"https:\/\/www.rvstechnologija.lt\/index.php\/wp-json\/wp\/v2\/users\/1"}],"replies":[{"embeddable":true,"href":"https:\/\/www.rvstechnologija.lt\/index.php\/wp-json\/wp\/v2\/comments?post=97"}],"version-history":[{"count":3,"href":"https:\/\/www.rvstechnologija.lt\/index.php\/wp-json\/wp\/v2\/pages\/97\/revisions"}],"predecessor-version":[{"id":237,"href":"https:\/\/www.rvstechnologija.lt\/index.php\/wp-json\/wp\/v2\/pages\/97\/revisions\/237"}],"up":[{"embeddable":true,"href":"https:\/\/www.rvstechnologija.lt\/index.php\/wp-json\/wp\/v2\/pages\/58"}],"wp:attachment":[{"href":"https:\/\/www.rvstechnologija.lt\/index.php\/wp-json\/wp\/v2\/media?parent=97"}],"curies":[{"name":"wp","href":"https:\/\/api.w.org\/{rel}","templated":true}]}}